{"id":1769,"date":"2024-06-12T14:17:04","date_gmt":"2024-06-12T18:17:04","guid":{"rendered":"https:\/\/aps-health.neuronadevelopers.com\/?page_id=1769"},"modified":"2026-04-07T17:07:03","modified_gmt":"2026-04-07T21:07:03","slug":"podcast","status":"publish","type":"page","link":"https:\/\/apshealth.com\/en\/educarte-es-cuidarte\/podcast\/","title":{"rendered":"Podcast"},"content":{"rendered":"<div data-elementor-type=\"wp-post\" data-elementor-id=\"1769\" class=\"elementor elementor-1769\" data-elementor-post-type=\"page\">\n\t\t\t\t<div class=\"elementor-element elementor-element-9c9ef2b e-con-full elementor-hidden-mobile e-flex e-con e-parent\" data-id=\"9c9ef2b\" data-element_type=\"container\" data-settings=\"{&quot;background_background&quot;:&quot;classic&quot;}\">\n\t\t<div class=\"elementor-element elementor-element-6271bf62 e-con-full e-flex e-con e-child\" data-id=\"6271bf62\" data-element_type=\"container\" data-settings=\"{&quot;background_background&quot;:&quot;gradient&quot;}\">\n\t\t\t\t<div class=\"elementor-element elementor-element-75d311b9 elementor-widget__width-initial elementor-widget elementor-widget-heading\" data-id=\"75d311b9\" data-element_type=\"widget\" data-widget_type=\"heading.default\">\n\t\t\t\t<div class=\"elementor-widget-container\">\n\t\t\t<style>\/*! elementor - v3.23.0 - 05-08-2024 *\/\n.elementor-heading-title{padding:0;margin:0;line-height:1}.elementor-widget-heading .elementor-heading-title[class*=elementor-size-]>a{color:inherit;font-size:inherit;line-height:inherit}.elementor-widget-heading .elementor-heading-title.elementor-size-small{font-size:15px}.elementor-widget-heading .elementor-heading-title.elementor-size-medium{font-size:19px}.elementor-widget-heading .elementor-heading-title.elementor-size-large{font-size:29px}.elementor-widget-heading .elementor-heading-title.elementor-size-xl{font-size:39px}.elementor-widget-heading .elementor-heading-title.elementor-size-xxl{font-size:59px}<\/style><h1 class=\"elementor-heading-title elementor-size-default\">Ed\u00facate, empod\u00e9rate\ny derriba estigmas.<\/h1>\t\t<\/div>\n\t\t\t\t<\/div>\n\t\t\t\t<\/div>\n\t\t\t\t<\/div>\n\t\t<div class=\"elementor-element elementor-element-3cb5968c e-con-full elementor-hidden-desktop elementor-hidden-tablet e-flex e-con e-parent\" data-id=\"3cb5968c\" data-element_type=\"container\" data-settings=\"{&quot;background_background&quot;:&quot;classic&quot;}\">\n\t\t<div class=\"elementor-element elementor-element-4925e41c e-con-full e-flex e-con e-child\" data-id=\"4925e41c\" data-element_type=\"container\">\n\t\t\t\t<div class=\"elementor-element elementor-element-1fdf8939 elementor-widget__width-initial elementor-widget elementor-widget-heading\" data-id=\"1fdf8939\" data-element_type=\"widget\" data-widget_type=\"heading.default\">\n\t\t\t\t<div class=\"elementor-widget-container\">\n\t\t\t<h1 class=\"elementor-heading-title elementor-size-default\">Educate Yourself, Empower Yourself, and Break Stigmas.<\/h1>\t\t<\/div>\n\t\t\t\t<\/div>\n\t\t\t\t<\/div>\n\t\t<div class=\"elementor-element elementor-element-17fdf9f e-con-full e-flex e-con e-child\" data-id=\"17fdf9f\" data-element_type=\"container\" data-settings=\"{&quot;background_background&quot;:&quot;gradient&quot;,&quot;position&quot;:&quot;absolute&quot;}\">\n\t\t\t\t<\/div>\n\t\t\t\t<\/div>\n\t\t<div class=\"elementor-element elementor-element-1062b6a2 e-flex e-con-boxed e-con e-parent\" data-id=\"1062b6a2\" data-element_type=\"container\" id=\"detalles\">\n\t\t\t\t\t<div class=\"e-con-inner\">\n\t\t<div class=\"elementor-element elementor-element-f53c099 e-con-full e-flex e-con e-child\" data-id=\"f53c099\" data-element_type=\"container\">\n\t\t\t\t<div class=\"elementor-element elementor-element-ffef372 elementor-widget__width-inherit elementor-widget-mobile__width-inherit elementor-widget elementor-widget-html\" data-id=\"ffef372\" data-element_type=\"widget\" data-widget_type=\"html.default\">\n\t\t\t\t<div class=\"elementor-widget-container\">\n\t\t\t<div class=\"tab-links\">\n    <a href=\"\/en\/educarte-es-cuidarte\/#detalles\">\n        Articles\n    <\/a>\n    <a href=\"\/en\/educarte-es-cuidarte\/noticias\/#detalles\">\n        News\n    <\/a>\n    <a href=\"\/en\/educarte-es-cuidarte\/podcast\/#detalles\" class=\"active\">\n        Podcast\n    <\/a>\n<\/div>\t\t<\/div>\n\t\t\t\t<\/div>\n\t\t\t\t<\/div>\n\t\t<div class=\"elementor-element elementor-element-c7e570d e-con-full e-flex e-con e-child\" data-id=\"c7e570d\" data-element_type=\"container\">\n\t\t<div class=\"elementor-element elementor-element-bb86ffc e-con-full e-flex e-con e-child\" data-id=\"bb86ffc\" data-element_type=\"container\">\n\t\t\t\t<div class=\"elementor-element elementor-element-a5e9232 elementor-widget__width-initial elementor-widget elementor-widget-video\" data-id=\"a5e9232\" data-element_type=\"widget\" data-settings=\"{&quot;youtube_url&quot;:&quot;https:\\\/\\\/youtu.be\\\/psyRbBuKzZ8?si=O15_U5VDQ84Sit9l&quot;,&quot;yt_privacy&quot;:&quot;yes&quot;,&quot;video_type&quot;:&quot;youtube&quot;,&quot;controls&quot;:&quot;yes&quot;}\" data-widget_type=\"video.default\">\n\t\t\t\t<div class=\"elementor-widget-container\">\n\t\t\t<style>\/*! elementor - v3.23.0 - 05-08-2024 *\/\n.elementor-widget-video .elementor-widget-container{overflow:hidden;transform:translateZ(0)}.elementor-widget-video .elementor-wrapper{aspect-ratio:var(--video-aspect-ratio)}.elementor-widget-video .elementor-wrapper iframe,.elementor-widget-video .elementor-wrapper video{height:100%;width:100%;display:flex;border:none;background-color:#000}@supports not (aspect-ratio:1\/1){.elementor-widget-video .elementor-wrapper{position:relative;overflow:hidden;height:0;padding-bottom:calc(100% \/ var(--video-aspect-ratio))}.elementor-widget-video .elementor-wrapper iframe,.elementor-widget-video .elementor-wrapper video{position:absolute;top:0;right:0;bottom:0;left:0}}.elementor-widget-video .elementor-open-inline .elementor-custom-embed-image-overlay{position:absolute;top:0;right:0;bottom:0;left:0;background-size:cover;background-position:50%}.elementor-widget-video .elementor-custom-embed-image-overlay{cursor:pointer;text-align:center}.elementor-widget-video .elementor-custom-embed-image-overlay:hover .elementor-custom-embed-play i{opacity:1}.elementor-widget-video .elementor-custom-embed-image-overlay img{display:block;width:100%;aspect-ratio:var(--video-aspect-ratio);-o-object-fit:cover;object-fit:cover;-o-object-position:center center;object-position:center center}@supports not (aspect-ratio:1\/1){.elementor-widget-video .elementor-custom-embed-image-overlay{position:relative;overflow:hidden;height:0;padding-bottom:calc(100% \/ var(--video-aspect-ratio))}.elementor-widget-video .elementor-custom-embed-image-overlay img{position:absolute;top:0;right:0;bottom:0;left:0}}.elementor-widget-video .e-hosted-video .elementor-video{-o-object-fit:cover;object-fit:cover}.e-con-inner>.elementor-widget-video,.e-con>.elementor-widget-video{width:var(--container-widget-width);--flex-grow:var(--container-widget-flex-grow)}<\/style>\t\t<div class=\"elementor-wrapper elementor-open-inline\">\n\t\t\t<div class=\"elementor-video\"><\/div>\t\t<\/div>\n\t\t\t\t<\/div>\n\t\t\t\t<\/div>\n\t\t<div class=\"elementor-element elementor-element-7d38ecd e-con-full e-flex e-con e-child\" data-id=\"7d38ecd\" data-element_type=\"container\">\n\t\t\t\t<div class=\"elementor-element elementor-element-ca40241 elementor-widget elementor-widget-heading\" data-id=\"ca40241\" data-element_type=\"widget\" data-widget_type=\"heading.default\">\n\t\t\t\t<div class=\"elementor-widget-container\">\n\t\t\t<h3 class=\"elementor-heading-title elementor-size-default\"><strong data-prosemirror-content-type=\"mark\" data-prosemirror-mark-name=\"strong\">Episodio 5 | \u00bfSab\u00edas que la Depresi\u00f3n Mayor afecta a ni\u00f1os, adolescentes y adultos?<\/strong><\/h3>\t\t<\/div>\n\t\t\t\t<\/div>\n\t\t\t\t<div class=\"elementor-element elementor-element-6a1b0aa elementor-widget elementor-widget-text-editor\" data-id=\"6a1b0aa\" data-element_type=\"widget\" data-widget_type=\"text-editor.default\">\n\t\t\t\t<div class=\"elementor-widget-container\">\n\t\t\t<style>\/*! elementor - v3.23.0 - 05-08-2024 *\/\n.elementor-widget-text-editor.elementor-drop-cap-view-stacked .elementor-drop-cap{background-color:#69727d;color:#fff}.elementor-widget-text-editor.elementor-drop-cap-view-framed .elementor-drop-cap{color:#69727d;border:3px solid;background-color:transparent}.elementor-widget-text-editor:not(.elementor-drop-cap-view-default) .elementor-drop-cap{margin-top:8px}.elementor-widget-text-editor:not(.elementor-drop-cap-view-default) .elementor-drop-cap-letter{width:1em;height:1em}.elementor-widget-text-editor .elementor-drop-cap{float:left;text-align:center;line-height:1;font-size:50px}.elementor-widget-text-editor .elementor-drop-cap-letter{display:inline-block}<\/style>\t\t\t\t<p data-local-id=\"34eb1812a77c\" data-prosemirror-content-type=\"node\" data-prosemirror-node-name=\"paragraph\" data-prosemirror-node-block=\"true\" data-pm-slice=\"1 1 []\">Descubre junto a la Dra. Maribel Rivera <strong data-prosemirror-content-type=\"mark\" data-prosemirror-mark-name=\"strong\">c\u00f3mo la depresi\u00f3n mayor impacta de forma distinta a ni\u00f1os, adolescentes y adultos<\/strong>, y qu\u00e9 se\u00f1ales debemos reconocer a tiempo para brindar apoyo real. En este episodio de nuestro canal de APS Health, exploramos c\u00f3mo esta condici\u00f3n puede manifestarse en silencio desde cambios de conducta en la ni\u00f1ez, aislamiento en la adolescencia, hasta tristeza profunda o desconexi\u00f3n en la adultez mayor, y c\u00f3mo acompa\u00f1ar con empat\u00eda puede marcar la diferencia.<br \/><strong data-prosemirror-content-type=\"mark\" data-prosemirror-mark-name=\"strong\"><br \/>La depresi\u00f3n no siempre se ve, pero siempre se siente. Escuchar, comprender y actuar puede salvar vidas. <\/strong>Suscr\u00edbete a nuestro canal y activa la campana para no perderte los pr\u00f3ximos episodios.<\/p>\t\t\t\t\t\t<\/div>\n\t\t\t\t<\/div>\n\t\t\t\t<\/div>\n\t\t\t\t<\/div>\n\t\t<div class=\"elementor-element elementor-element-0bcc8cc e-con-full e-flex e-con e-child\" data-id=\"0bcc8cc\" data-element_type=\"container\">\n\t\t\t\t<div class=\"elementor-element elementor-element-5dcdbeb elementor-widget__width-initial elementor-widget elementor-widget-video\" data-id=\"5dcdbeb\" data-element_type=\"widget\" data-settings=\"{&quot;youtube_url&quot;:&quot;https:\\\/\\\/youtu.be\\\/OVEZ64Ruz6o?si=fPOJ0OVXOcJ6g3Ru&quot;,&quot;yt_privacy&quot;:&quot;yes&quot;,&quot;video_type&quot;:&quot;youtube&quot;,&quot;controls&quot;:&quot;yes&quot;}\" data-widget_type=\"video.default\">\n\t\t\t\t<div class=\"elementor-widget-container\">\n\t\t\t\t\t<div class=\"elementor-wrapper elementor-open-inline\">\n\t\t\t<div class=\"elementor-video\"><\/div>\t\t<\/div>\n\t\t\t\t<\/div>\n\t\t\t\t<\/div>\n\t\t<div class=\"elementor-element elementor-element-b6111b5 e-con-full e-flex e-con e-child\" data-id=\"b6111b5\" data-element_type=\"container\">\n\t\t\t\t<div class=\"elementor-element elementor-element-a4dd53f elementor-widget elementor-widget-heading\" data-id=\"a4dd53f\" data-element_type=\"widget\" data-widget_type=\"heading.default\">\n\t\t\t\t<div class=\"elementor-widget-container\">\n\t\t\t<h3 class=\"elementor-heading-title elementor-size-default\"><p data-local-id=\"addd0ba7b91a\" data-prosemirror-content-type=\"node\" data-prosemirror-node-name=\"paragraph\" data-prosemirror-node-block=\"true\" data-pm-slice=\"1 1 []\"><strong data-prosemirror-content-type=\"mark\" data-prosemirror-mark-name=\"strong\">Episodio 4 | \u00bfHablar de sustancias es necesariamente de drogas ilegales?<\/strong><\/p><\/h3>\t\t<\/div>\n\t\t\t\t<\/div>\n\t\t\t\t<div class=\"elementor-element elementor-element-88912ec elementor-widget elementor-widget-text-editor\" data-id=\"88912ec\" data-element_type=\"widget\" data-widget_type=\"text-editor.default\">\n\t\t\t\t<div class=\"elementor-widget-container\">\n\t\t\t\t\t\t\t<p data-local-id=\"56ad3d907644\" data-prosemirror-content-type=\"node\" data-prosemirror-node-name=\"paragraph\" data-prosemirror-node-block=\"true\" data-pm-slice=\"1 1 []\">En este cuarto episodio, hablamos a fondo sobre <strong data-prosemirror-content-type=\"mark\" data-prosemirror-mark-name=\"strong\">el problema de consumo de sustancias no necesariamente ilegales en la poblaci\u00f3n de ni\u00f1os y adolescentes.<\/strong><br \/><br \/>Nuestra Consejera en adicci\u00f3n Vanessa Reyes nos brinda orientaci\u00f3n y soluciones de alerta para cuidar a nuestros j\u00f3venes. Suscr\u00edbete a nuestro canal y activa la campana para no perderte los pr\u00f3ximos episodios.<\/p>\t\t\t\t\t\t<\/div>\n\t\t\t\t<\/div>\n\t\t\t\t<\/div>\n\t\t\t\t<\/div>\n\t\t<div class=\"elementor-element elementor-element-29b726b e-con-full e-flex e-con e-child\" data-id=\"29b726b\" data-element_type=\"container\">\n\t\t\t\t<div class=\"elementor-element elementor-element-ea2c656 elementor-widget__width-initial elementor-widget elementor-widget-video\" data-id=\"ea2c656\" data-element_type=\"widget\" data-settings=\"{&quot;youtube_url&quot;:&quot;https:\\\/\\\/www.youtube.com\\\/watch?si=9mk7gfh1Rwmhqhg4&amp;v=wDtradSzQUs&amp;feature=youtu.be&quot;,&quot;yt_privacy&quot;:&quot;yes&quot;,&quot;video_type&quot;:&quot;youtube&quot;,&quot;controls&quot;:&quot;yes&quot;}\" data-widget_type=\"video.default\">\n\t\t\t\t<div class=\"elementor-widget-container\">\n\t\t\t\t\t<div class=\"elementor-wrapper elementor-open-inline\">\n\t\t\t<div class=\"elementor-video\"><\/div>\t\t<\/div>\n\t\t\t\t<\/div>\n\t\t\t\t<\/div>\n\t\t<div class=\"elementor-element elementor-element-25c7545 e-con-full e-flex e-con e-child\" data-id=\"25c7545\" data-element_type=\"container\">\n\t\t\t\t<div class=\"elementor-element elementor-element-8b14592 elementor-widget elementor-widget-heading\" data-id=\"8b14592\" data-element_type=\"widget\" data-widget_type=\"heading.default\">\n\t\t\t\t<div class=\"elementor-widget-container\">\n\t\t\t<h3 class=\"elementor-heading-title elementor-size-default\">Episodio 3 | \u00bfCu\u00e1n importante es cuidar tu autoestima este nuevo a\u00f1o?<\/h3>\t\t<\/div>\n\t\t\t\t<\/div>\n\t\t\t\t<div class=\"elementor-element elementor-element-14e8b33 elementor-widget elementor-widget-text-editor\" data-id=\"14e8b33\" data-element_type=\"widget\" data-widget_type=\"text-editor.default\">\n\t\t\t\t<div class=\"elementor-widget-container\">\n\t\t\t\t\t\t\t<p data-renderer-start-pos=\"171\">En este tercer episodio hablamos de algo clave para empezar y sostener este 2026: la autoestima, y de c\u00f3mo la forma en que te hablas, te miras y te valoras influye en cada decisi\u00f3n que tomas.<\/p><p data-renderer-start-pos=\"364\">Junto al Lcdo. Hasany Mel\u00e9ndez, exploramos t\u00e9cnicas para fortalecer tu autoestima y tu salud mental. \u00a1Suscr\u00edbete al canal y activa la campana para no perderte los pr\u00f3ximos episodios!<\/p>\t\t\t\t\t\t<\/div>\n\t\t\t\t<\/div>\n\t\t\t\t<\/div>\n\t\t\t\t<\/div>\n\t\t<div class=\"elementor-element elementor-element-d825c8e e-con-full e-flex e-con e-child\" data-id=\"d825c8e\" data-element_type=\"container\">\n\t\t\t\t<div class=\"elementor-element elementor-element-620a5e8 elementor-widget__width-initial elementor-widget elementor-widget-video\" data-id=\"620a5e8\" data-element_type=\"widget\" data-settings=\"{&quot;youtube_url&quot;:&quot;https:\\\/\\\/youtu.be\\\/a9E1tAqR8X0&quot;,&quot;yt_privacy&quot;:&quot;yes&quot;,&quot;video_type&quot;:&quot;youtube&quot;,&quot;controls&quot;:&quot;yes&quot;}\" data-widget_type=\"video.default\">\n\t\t\t\t<div class=\"elementor-widget-container\">\n\t\t\t\t\t<div class=\"elementor-wrapper elementor-open-inline\">\n\t\t\t<div class=\"elementor-video\"><\/div>\t\t<\/div>\n\t\t\t\t<\/div>\n\t\t\t\t<\/div>\n\t\t<div class=\"elementor-element elementor-element-a25df83 e-con-full e-flex e-con e-child\" data-id=\"a25df83\" data-element_type=\"container\">\n\t\t\t\t<div class=\"elementor-element elementor-element-b2893ee elementor-widget elementor-widget-heading\" data-id=\"b2893ee\" data-element_type=\"widget\" data-widget_type=\"heading.default\">\n\t\t\t\t<div class=\"elementor-widget-container\">\n\t\t\t<h3 class=\"elementor-heading-title elementor-size-default\">Episodio 2 | \u00bfSab\u00edas que el miedo tambi\u00e9n puede motivarte?<\/h3>\t\t<\/div>\n\t\t\t\t<\/div>\n\t\t\t\t<div class=\"elementor-element elementor-element-464e46a elementor-widget elementor-widget-text-editor\" data-id=\"464e46a\" data-element_type=\"widget\" data-widget_type=\"text-editor.default\">\n\t\t\t\t<div class=\"elementor-widget-container\">\n\t\t\t\t\t\t\t<p data-renderer-start-pos=\"111\">Descubre junto a la Lic. Yaileen Lorenzo c\u00f3mo el miedo puede transformarse en una herramienta poderosa para el crecimiento personal y la salud mental. En este segundo episodio de nuestro canal de APS Health, exploramos c\u00f3mo enfrentar el miedo con conciencia puede ayudarnos a encontrar fortaleza, motivaci\u00f3n y equilibrio emocional.<\/p><p data-renderer-start-pos=\"444\"><strong data-renderer-mark=\"true\">No temas al miedo:<\/strong> compr\u00e9ndelo, abr\u00e1zalo y convi\u00e9rtelo en tu aliado. Suscr\u00edbete a nuestro canal y activa la campana para no perderte los pr\u00f3ximos episodios.<\/p>\t\t\t\t\t\t<\/div>\n\t\t\t\t<\/div>\n\t\t\t\t<\/div>\n\t\t\t\t<\/div>\n\t\t<div class=\"elementor-element elementor-element-2272beb e-con-full e-flex e-con e-child\" data-id=\"2272beb\" data-element_type=\"container\">\n\t\t\t\t<div class=\"elementor-element elementor-element-e16226a elementor-widget__width-initial elementor-widget elementor-widget-video\" data-id=\"e16226a\" data-element_type=\"widget\" data-settings=\"{&quot;youtube_url&quot;:&quot;https:\\\/\\\/www.youtube.com\\\/watch?si=drojcMkSX3hp47H6&amp;v=X315cuvSsm8&amp;feature=youtu.be&quot;,&quot;yt_privacy&quot;:&quot;yes&quot;,&quot;video_type&quot;:&quot;youtube&quot;,&quot;controls&quot;:&quot;yes&quot;}\" data-widget_type=\"video.default\">\n\t\t\t\t<div class=\"elementor-widget-container\">\n\t\t\t\t\t<div class=\"elementor-wrapper elementor-open-inline\">\n\t\t\t<div class=\"elementor-video\"><\/div>\t\t<\/div>\n\t\t\t\t<\/div>\n\t\t\t\t<\/div>\n\t\t<div class=\"elementor-element elementor-element-4875020 e-con-full e-flex e-con e-child\" data-id=\"4875020\" data-element_type=\"container\">\n\t\t\t\t<div class=\"elementor-element elementor-element-00e21b8 elementor-widget elementor-widget-heading\" data-id=\"00e21b8\" data-element_type=\"widget\" data-widget_type=\"heading.default\">\n\t\t\t\t<div class=\"elementor-widget-container\">\n\t\t\t<h3 class=\"elementor-heading-title elementor-size-default\">Episodio 1 | Hablando sobre las mayores oportunidades del programa IOP.<\/h3>\t\t<\/div>\n\t\t\t\t<\/div>\n\t\t\t\t<div class=\"elementor-element elementor-element-872bf42 elementor-widget elementor-widget-text-editor\" data-id=\"872bf42\" data-element_type=\"widget\" data-widget_type=\"text-editor.default\">\n\t\t\t\t<div class=\"elementor-widget-container\">\n\t\t\t\t\t\t\t<p>Bienvenidos al primer episodio de nuestro nuevo canal de YouTube de APS Health. En esta ocasi\u00f3n conversamos con la Lic. Natalie Rodr\u00edguez Villafa\u00f1e, T.S.C., sobre las principales oportunidades y beneficios que ofrece el programa IOP (Programa de Tratamiento Intensivo Ambulatorio). Descubre c\u00f3mo este programa transforma vidas y abre caminos de esperanza en la salud mental.<\/p>\t\t\t\t\t\t<\/div>\n\t\t\t\t<\/div>\n\t\t\t\t<\/div>\n\t\t\t\t<\/div>\n\t\t\t\t<\/div>\n\t\t\t\t\t<\/div>\n\t\t\t\t<\/div>\n\t\t\t\t<\/div>","protected":false},"excerpt":{"rendered":"<p>Ed\u00facate, empoderate y derriba estigmas.<\/p>","protected":false},"author":1,"featured_media":0,"parent":1084,"menu_order":2,"comment_status":"closed","ping_status":"closed","template":"","meta":{"_acf_changed":false,"footnotes":""},"class_list":["post-1769","page","type-page","status-publish","hentry"],"acf":[],"aioseo_notices":[],"_links":{"self":[{"href":"https:\/\/apshealth.com\/en\/wp-json\/wp\/v2\/pages\/1769"}],"collection":[{"href":"https:\/\/apshealth.com\/en\/wp-json\/wp\/v2\/pages"}],"about":[{"href":"https:\/\/apshealth.com\/en\/wp-json\/wp\/v2\/types\/page"}],"author":[{"embeddable":true,"href":"https:\/\/apshealth.com\/en\/wp-json\/wp\/v2\/users\/1"}],"replies":[{"embeddable":true,"href":"https:\/\/apshealth.com\/en\/wp-json\/wp\/v2\/comments?post=1769"}],"version-history":[{"count":88,"href":"https:\/\/apshealth.com\/en\/wp-json\/wp\/v2\/pages\/1769\/revisions"}],"predecessor-version":[{"id":11942,"href":"https:\/\/apshealth.com\/en\/wp-json\/wp\/v2\/pages\/1769\/revisions\/11942"}],"up":[{"embeddable":true,"href":"https:\/\/apshealth.com\/en\/wp-json\/wp\/v2\/pages\/1084"}],"wp:attachment":[{"href":"https:\/\/apshealth.com\/en\/wp-json\/wp\/v2\/media?parent=1769"}],"curies":[{"name":"wp","href":"https:\/\/api.w.org\/{rel}","templated":true}]}}